{"id":767,"date":"2024-03-21T14:51:07","date_gmt":"2024-03-21T19:51:07","guid":{"rendered":"https:\/\/wehr.server3.northernground.net\/?page_id=767"},"modified":"2026-03-22T14:26:22","modified_gmt":"2026-03-22T19:26:22","slug":"clubs-community","status":"publish","type":"page","link":"https:\/\/www.wehrnaturecenter.com\/es\/engage\/clubs-community\/","title":{"rendered":"Clubes y comunidad"},"content":{"rendered":"<section class=\"page-header\">\n  <div class=\"container\">\n    \n  <nav class=\"breadcrumbs\" aria-label=\"breadcrumbs\">\n    <ul class=\"breadcrumbs__list\">\n              <li class=\"breadcrumbs__item\">\n                      <a class=\"breadcrumbs__link\" href=\"\/\">\n              Home\n            <\/a>\n                  <\/li>\n          <\/ul>\n  <\/nav>\n    \n    <div class=\"page-header__container\">\n      <div class=\"page-header__content card\">\n        <h1 class=\"page-header__title card__title\">Clubes y comunidad<\/h1>\n                <div class=\"page-header__text card__text\"><p>\u00bfQuieres conocer a otros entusiastas de la naturaleza? Participe en uno de los muchos clubes y organizaciones afiliados a Wehr. Con\u00e9ctate con personas que comparten tus intereses y pasiones. Si eres nuevo en pasatiempos como la fotograf\u00eda de naturaleza, la observaci\u00f3n de aves, el paisajismo nativo o la astronom\u00eda, o si ya eres un experto, en Wehr hay un grupo de personas con ideas afines que puedes conocer.<\/p>\n<\/div>\n              <\/div>\n      \n              <div class=\"page-header__illus\">\n                    <img decoding=\"async\" src=\"\/wp-content\/themes\/wehr\/img\/illustrations\/leaves.webp\" alt=\"\" loading=\"lazy\" \/>\n                  <\/div>\n            \n            <\/div>\n  <\/div>\n<\/section>\n\n\n\n<div id=\"\" class=\"cards-section cards-section--default section\">\n  \n  <div class=\"container\">\n    \n        <div class=\"grid\">\n                                      <div class=\"card\">\n                      <div class=\"card__bg  crooked-bg clip-block\"><\/div>\n                    <div class=\"card__inner card__inner--padded\">\n                          <div class=\"card__img\">\n                <img srcset=\"https:\/\/www.wehrnaturecenter.com\/wp-content\/uploads\/2024\/04\/HikeforHealth-512x289.webp 512w, https:\/\/www.wehrnaturecenter.com\/wp-content\/uploads\/2024\/04\/HikeforHealth-768x433.webp 768w, https:\/\/www.wehrnaturecenter.com\/wp-content\/uploads\/2024\/04\/HikeforHealth-1024x577.webp 1024w\" sizes=\"auto, (min-width: 1200px) 450px, (min-width: 400px) 450px, 80vw\" alt=\"a group hiking\" width=\"512\" height=\"289\" loading=\"lazy\">\n              <\/div>\n                        <h2 class=\"card__title\">Caminata por la salud<\/h2>\n                        <h3 class=\"card__subtitle\">Todos los miembros de la comunidad<\/h3>\n                                      <div class=\"card__text rte\">\n                <p>Explore Wehr Nature Center trails and wildlife with fellow community members. Enjoy camaraderie, exercise and fun together. No signup necessary.<\/p>\n<p>The group meets on Wednesdays at 10:30 a.m. in front of the Visitor Center.<\/p>\n\n              <\/div>\n                                      <div class=\"card__text\">\n                <a class=\"link-w-underline\" href=\"https:\/\/www.wehrnaturecenter.com\/series\/hike-for-health-3\/\" >\n                  Ver pr\u00f3ximos programas\n                                  <\/a>\n              <\/div>\n                                  <\/div>\n        <\/div>\n                                      <div class=\"card\">\n                      <div class=\"card__bg  crooked-bg clip-block\"><\/div>\n                    <div class=\"card__inner card__inner--padded\">\n                          <div class=\"card__img\">\n                <img srcset=\"https:\/\/www.wehrnaturecenter.com\/wp-content\/uploads\/2024\/04\/Wild-Ones-512x289.webp 512w, https:\/\/www.wehrnaturecenter.com\/wp-content\/uploads\/2024\/04\/Wild-Ones-768x434.webp 768w, https:\/\/www.wehrnaturecenter.com\/wp-content\/uploads\/2024\/04\/Wild-Ones-1024x578.webp 1024w\" sizes=\"auto, (min-width: 1200px) 450px, (min-width: 400px) 450px, 80vw\" alt=\"volunteer showing butterflies to a group\" width=\"512\" height=\"289\" loading=\"lazy\">\n              <\/div>\n                        <h2 class=\"card__title\">Wild Ones of Southwest Wisconsin<\/h2>\n                        <h3 class=\"card__subtitle\">Todos los miembros de la comunidad<\/h3>\n                                      <div class=\"card__text rte\">\n                <p>The <a href=\"http:\/\/milwaukeesouthwestwehr.wildones.org\" target=\"_blank\" rel=\"noopener\">Wild Ones Southwest \/ Wehr<\/a> chapter meets year-round to share their passion and knowledge of native landscaping with each other and the public. Members host tours of their naturally landscaped yards, do seed collecting, take field trips to local natural areas and offer educational programs to the public.<\/p>\n<p>Wild Ones meets the second Saturday of the month, September to April from 1:30 to 3:30 p.m.<\/p>\n\n              <\/div>\n                                      <div class=\"card__text\">\n                <a class=\"link-w-underline\" href=\"https:\/\/www.wehrnaturecenter.com\/series\/wild-ones-of-southeast-wisconsin\/\" target=\"_blank\">\n                  Ver pr\u00f3ximos programas\n                                      <svg class=\"icon\" aria-hidden=\"true\">\n                      <use href=\"#icon-external-link\"><\/use>\n                    <\/svg>\n                                  <\/a>\n              <\/div>\n                                  <\/div>\n        <\/div>\n                                      <div class=\"card\">\n                      <div class=\"card__bg  crooked-bg clip-block\"><\/div>\n                    <div class=\"card__inner card__inner--padded\">\n                          <div class=\"card__img\">\n                <img srcset=\"https:\/\/www.wehrnaturecenter.com\/wp-content\/uploads\/2024\/04\/WAS-512x289.webp 512w, https:\/\/www.wehrnaturecenter.com\/wp-content\/uploads\/2024\/04\/WAS-768x433.webp 768w, https:\/\/www.wehrnaturecenter.com\/wp-content\/uploads\/2024\/04\/WAS-1024x577.webp 1024w\" sizes=\"auto, (min-width: 1200px) 450px, (min-width: 400px) 450px, 80vw\" alt=\"large telescope pointed to the moon\" width=\"512\" height=\"289\" loading=\"lazy\">\n              <\/div>\n                        <h2 class=\"card__title\">Sociedad Astron\u00f3mica Wehr<\/h2>\n                        <h3 class=\"card__subtitle\">Todos los miembros de la comunidad<\/h3>\n                                      <div class=\"card__text rte\">\n                <p>The <a href=\"https:\/\/www.facebook.com\/WehrAstronomicalSociety\/\" target=\"_blank\" rel=\"noopener\">Wehr Astronomical Society (WAS)<\/a> is a group of amateur astronomers that promote the casual study of astronomy. WAS offers public telescopic viewing in Whitnall Park and all levels of astronomers are welcome at their programs and meetings.<\/p>\n<p>Los programas p\u00fablicos se llevan a cabo el segundo martes de febrero a junio y septiembre y noviembre; Primer martes de octubre por la noche, de 19.00 a 21.00 horas.<\/p>\n\n              <\/div>\n                                      <div class=\"card__text\">\n                <a class=\"link-w-underline\" href=\"https:\/\/www.wehrnaturecenter.com\/series\/wehr-astronomical-society\/\" >\n                  Ver pr\u00f3ximos programas\n                                  <\/a>\n              <\/div>\n                                  <\/div>\n        <\/div>\n                                      <div class=\"card\">\n                      <div class=\"card__bg  crooked-bg clip-block\"><\/div>\n                    <div class=\"card__inner card__inner--padded\">\n                          <div class=\"card__img\">\n                <img srcset=\"https:\/\/www.wehrnaturecenter.com\/wp-content\/uploads\/2024\/04\/CameraClub-512x289.webp 512w, https:\/\/www.wehrnaturecenter.com\/wp-content\/uploads\/2024\/04\/CameraClub-768x434.webp 768w, https:\/\/www.wehrnaturecenter.com\/wp-content\/uploads\/2024\/04\/CameraClub-1024x578.webp 1024w\" sizes=\"auto, (min-width: 1200px) 450px, (min-width: 400px) 450px, 80vw\" alt=\"photography session\" width=\"512\" height=\"289\" loading=\"lazy\">\n              <\/div>\n                        <h2 class=\"card__title\">Club de c\u00e1mara Wehr <\/h2>\n                        <h3 class=\"card__subtitle\">Todos los miembros de la comunidad<\/h3>\n                                      <div class=\"card__text rte\">\n                <p>Wehr Camera Club lleva 40 a\u00f1os compartiendo su pasi\u00f3n por la naturaleza y la fotograf\u00eda con nuestra comunidad Wehr. El grupo es parte de la Organizaci\u00f3n de Clubes de C\u00e1maras del \u00c1rea de Wisconsin y organiza concursos de fotograf\u00eda y programas educativos abiertos al p\u00fablico.<\/p>\n<p>Los programas p\u00fablicos se llevan a cabo el segundo s\u00e1bado, durante todo el a\u00f1o, de 9 a 11 am.<\/p>\n\n              <\/div>\n                                      <div class=\"card__text\">\n                <a class=\"link-w-underline\" href=\"https:\/\/www.wehrnaturecenter.com\/series\/wehr-camera-club\/\" >\n                  Ver pr\u00f3ximos programas\n                                  <\/a>\n              <\/div>\n                                  <\/div>\n        <\/div>\n                                      <div class=\"card\">\n                      <div class=\"card__bg  crooked-bg clip-block\"><\/div>\n                    <div class=\"card__inner card__inner--padded\">\n                          <div class=\"card__img\">\n                <img srcset=\"https:\/\/www.wehrnaturecenter.com\/wp-content\/uploads\/2024\/04\/warbler-bridge-group-looking-resized-square-e7d6abc18d5e4e2f9be6cfcb6b1589c3-5e1d43db739b9-512x289.webp 512w, https:\/\/www.wehrnaturecenter.com\/wp-content\/uploads\/2024\/04\/warbler-bridge-group-looking-resized-square-e7d6abc18d5e4e2f9be6cfcb6b1589c3-5e1d43db739b9-768x433.webp 768w, https:\/\/www.wehrnaturecenter.com\/wp-content\/uploads\/2024\/04\/warbler-bridge-group-looking-resized-square-e7d6abc18d5e4e2f9be6cfcb6b1589c3-5e1d43db739b9-1024x577.webp 1024w\" sizes=\"auto, (min-width: 1200px) 450px, (min-width: 400px) 450px, 80vw\" alt=\"group looking through binoculars\" width=\"512\" height=\"289\" loading=\"lazy\">\n              <\/div>\n                        <h2 class=\"card__title\">Sociedad Audubon del Metro de Wisconsin<\/h2>\n                        <h3 class=\"card__subtitle\">Todos los miembros de la comunidad<\/h3>\n                                      <div class=\"card__text rte\">\n                <p><a href=\"http:\/\/wisconsinmetroaudubonsociety.org\" target=\"_blank\" rel=\"noopener\">Sociedad Audubon del Metro de Wisconsin<\/a> (WMAS) is a chapter of the National Audubon Society that encourages environmental stewardship through education and conservation. WMAS collaborates with Wehr to offer birding opportunities such as the Christmas Bird Count, The Big Sit, and leads the weekly Wehr Birders group.<\/p>\n<p>Los programas p\u00fablicos se llevan a cabo el tercer mi\u00e9rcoles de febrero a abril y de septiembre a noviembre de 7 a 9 p.m.<\/p>\n\n              <\/div>\n                                      <div class=\"card__text\">\n                <a class=\"link-w-underline\" href=\"https:\/\/wisconsinmetroaudubonsociety.org\/birding-events\/\" target=\"_blank\">\n                  Ver pr\u00f3ximos programas\n                                      <svg class=\"icon\" aria-hidden=\"true\">\n                      <use href=\"#icon-external-link\"><\/use>\n                    <\/svg>\n                                  <\/a>\n              <\/div>\n                                  <\/div>\n        <\/div>\n                                      <div class=\"card\">\n                      <div class=\"card__bg  crooked-bg clip-block\"><\/div>\n                    <div class=\"card__inner card__inner--padded\">\n                          <div class=\"card__img\">\n                <img srcset=\"https:\/\/www.wehrnaturecenter.com\/wp-content\/uploads\/2024\/03\/1P5As0071-512x289.webp 512w, https:\/\/www.wehrnaturecenter.com\/wp-content\/uploads\/2024\/03\/1P5As0071-768x434.webp 768w, https:\/\/www.wehrnaturecenter.com\/wp-content\/uploads\/2024\/03\/1P5As0071.webp 1024w\" sizes=\"auto, (min-width: 1200px) 450px, (min-width: 400px) 450px, 80vw\" alt=\"bird on a branch\" width=\"512\" height=\"289\" loading=\"lazy\">\n              <\/div>\n                        <h2 class=\"card__title\">Observadores de aves<\/h2>\n                        <h3 class=\"card__subtitle\">Todos los miembros de la comunidad<\/h3>\n                                      <div class=\"card__text rte\">\n                <p>Re\u00fanase frente al Centro de visitantes para una caminata de observaci\u00f3n de aves el domingo por la ma\u00f1ana dirigida por voluntarios y compa\u00f1eros observadores de aves. Todos los niveles de experiencia son bienvenidos y no es necesario confirmar su asistencia para asistir.<\/p>\n<p>Every Sunday &#8211;<\/p>\n<ul>\n<li>November to February, 9 to 10 a.m.<\/li>\n<li>March to October, 8 to 10 a.m.<\/li>\n<\/ul>\n\n              <\/div>\n                                      <div class=\"card__text\">\n                <a class=\"link-w-underline\" href=\"https:\/\/www.wehrnaturecenter.com\/series\/wehr-birders\/\" >\n                  Pr\u00f3ximos programas\n                                  <\/a>\n              <\/div>\n                                  <\/div>\n        <\/div>\n      \n          <\/div>\n  <\/div>\n\n  <\/div>","protected":false},"excerpt":{"rendered":"","protected":false},"author":1,"featured_media":0,"parent":23,"menu_order":0,"comment_status":"closed","ping_status":"closed","template":"","meta":{"_acf_changed":true,"inline_featured_image":false,"_price":"","_stock":"","_tribe_ticket_header":"","_tribe_default_ticket_provider":"","_tribe_ticket_capacity":"0","_ticket_start_date":"","_ticket_end_date":"","_tribe_ticket_show_description":"","_tribe_ticket_show_not_going":false,"_tribe_ticket_use_global_stock":"","_tribe_ticket_global_stock_level":"","_global_stock_mode":"","_global_stock_cap":"","_tribe_rsvp_for_event":"","_tribe_ticket_going_count":"","_tribe_ticket_not_going_count":"","_tribe_tickets_list":"[]","_tribe_ticket_has_attendee_info_fields":false,"footnotes":""},"class_list":["post-767","page","type-page","status-publish","hentry"],"acf":[],"yoast_head":"<!-- This site is optimized with the Yoast SEO plugin v27.4 - https:\/\/yoast.com\/product\/yoast-seo-wordpress\/ -->\n<title>Clubs &amp; Community - Wehr Nature Center<\/title>\n<meta name=\"description\" content=\"Looking to meet other nature enthusiasts? Connect with people who share your interests and passions through Wehr&#039;s affiliated clubs.\" \/>\n<meta name=\"robots\" content=\"index, follow, max-snippet:-1, max-image-preview:large, max-video-preview:-1\" \/>\n<link rel=\"canonical\" href=\"https:\/\/www.wehrnaturecenter.com\/es\/engage\/clubs-community\/\" \/>\n<meta property=\"og:locale\" content=\"es_MX\" \/>\n<meta property=\"og:type\" content=\"article\" \/>\n<meta property=\"og:title\" content=\"Clubs &amp; Community - Wehr Nature Center\" \/>\n<meta property=\"og:description\" content=\"Looking to meet other nature enthusiasts? Connect with people who share your interests and passions through Wehr&#039;s affiliated clubs.\" \/>\n<meta property=\"og:url\" content=\"https:\/\/www.wehrnaturecenter.com\/es\/engage\/clubs-community\/\" \/>\n<meta property=\"og:site_name\" content=\"Wehr Nature Center\" \/>\n<meta property=\"article:publisher\" content=\"https:\/\/www.facebook.com\/wehrnaturecenter\/\" \/>\n<meta property=\"article:modified_time\" content=\"2026-03-22T19:26:22+00:00\" \/>\n<meta property=\"og:image\" content=\"https:\/\/www.wehrnaturecenter.com\/wp-content\/uploads\/2024\/04\/Wehr-3.webp\" \/>\n\t<meta property=\"og:image:width\" content=\"1200\" \/>\n\t<meta property=\"og:image:height\" content=\"630\" \/>\n\t<meta property=\"og:image:type\" content=\"image\/webp\" \/>\n<meta name=\"twitter:card\" content=\"summary_large_image\" \/>\n<script type=\"application\/ld+json\" class=\"yoast-schema-graph\">{\"@context\":\"https:\\\/\\\/schema.org\",\"@graph\":[{\"@type\":\"WebPage\",\"@id\":\"https:\\\/\\\/www.wehrnaturecenter.com\\\/engage\\\/clubs-community\\\/\",\"url\":\"https:\\\/\\\/www.wehrnaturecenter.com\\\/engage\\\/clubs-community\\\/\",\"name\":\"Clubs &amp; Community - Wehr Nature Center\",\"isPartOf\":{\"@id\":\"https:\\\/\\\/www.wehrnaturecenter.com\\\/#website\"},\"datePublished\":\"2024-03-21T19:51:07+00:00\",\"dateModified\":\"2026-03-22T19:26:22+00:00\",\"description\":\"Looking to meet other nature enthusiasts? Connect with people who share your interests and passions through Wehr's affiliated clubs.\",\"breadcrumb\":{\"@id\":\"https:\\\/\\\/www.wehrnaturecenter.com\\\/engage\\\/clubs-community\\\/#breadcrumb\"},\"inLanguage\":\"es\",\"potentialAction\":[{\"@type\":\"ReadAction\",\"target\":[\"https:\\\/\\\/www.wehrnaturecenter.com\\\/engage\\\/clubs-community\\\/\"]}]},{\"@type\":\"BreadcrumbList\",\"@id\":\"https:\\\/\\\/www.wehrnaturecenter.com\\\/engage\\\/clubs-community\\\/#breadcrumb\",\"itemListElement\":[{\"@type\":\"ListItem\",\"position\":1,\"name\":\"Home\",\"item\":\"https:\\\/\\\/www.wehrnaturecenter.com\\\/\"},{\"@type\":\"ListItem\",\"position\":2,\"name\":\"Engage\",\"item\":\"https:\\\/\\\/www.wehrnaturecenter.com\\\/engage\\\/\"},{\"@type\":\"ListItem\",\"position\":3,\"name\":\"Clubs &amp; Community\"}]},{\"@type\":\"WebSite\",\"@id\":\"https:\\\/\\\/www.wehrnaturecenter.com\\\/#website\",\"url\":\"https:\\\/\\\/www.wehrnaturecenter.com\\\/\",\"name\":\"Wehr Nature Center\",\"description\":\"A Place For All Seasons\u2014A Place For Everyone\",\"publisher\":{\"@id\":\"https:\\\/\\\/www.wehrnaturecenter.com\\\/#organization\"},\"potentialAction\":[{\"@type\":\"SearchAction\",\"target\":{\"@type\":\"EntryPoint\",\"urlTemplate\":\"https:\\\/\\\/www.wehrnaturecenter.com\\\/?s={search_term_string}\"},\"query-input\":{\"@type\":\"PropertyValueSpecification\",\"valueRequired\":true,\"valueName\":\"search_term_string\"}}],\"inLanguage\":\"es\"},{\"@type\":\"Organization\",\"@id\":\"https:\\\/\\\/www.wehrnaturecenter.com\\\/#organization\",\"name\":\"Wehr Nature Center\",\"url\":\"https:\\\/\\\/www.wehrnaturecenter.com\\\/\",\"logo\":{\"@type\":\"ImageObject\",\"inLanguage\":\"es\",\"@id\":\"https:\\\/\\\/www.wehrnaturecenter.com\\\/#\\\/schema\\\/logo\\\/image\\\/\",\"url\":\"https:\\\/\\\/www.wehrnaturecenter.com\\\/wp-content\\\/uploads\\\/2024\\\/04\\\/Asset.webp\",\"contentUrl\":\"https:\\\/\\\/www.wehrnaturecenter.com\\\/wp-content\\\/uploads\\\/2024\\\/04\\\/Asset.webp\",\"width\":2234,\"height\":890,\"caption\":\"Wehr Nature Center\"},\"image\":{\"@id\":\"https:\\\/\\\/www.wehrnaturecenter.com\\\/#\\\/schema\\\/logo\\\/image\\\/\"},\"sameAs\":[\"https:\\\/\\\/www.facebook.com\\\/wehrnaturecenter\\\/\",\"https:\\\/\\\/www.instagram.com\\\/wehrnaturecenter\\\/\",\"https:\\\/\\\/www.youtube.com\\\/channel\\\/UCxYHduOcs9UyVMZ7ct0HFAw\"]}]}<\/script>\n<!-- \/ Yoast SEO plugin. -->","yoast_head_json":{"title":"Clubs &amp; Community - Wehr Nature Center","description":"Looking to meet other nature enthusiasts? Connect with people who share your interests and passions through Wehr's affiliated clubs.","robots":{"index":"index","follow":"follow","max-snippet":"max-snippet:-1","max-image-preview":"max-image-preview:large","max-video-preview":"max-video-preview:-1"},"canonical":"https:\/\/www.wehrnaturecenter.com\/es\/engage\/clubs-community\/","og_locale":"es_MX","og_type":"article","og_title":"Clubs &amp; Community - Wehr Nature Center","og_description":"Looking to meet other nature enthusiasts? Connect with people who share your interests and passions through Wehr's affiliated clubs.","og_url":"https:\/\/www.wehrnaturecenter.com\/es\/engage\/clubs-community\/","og_site_name":"Wehr Nature Center","article_publisher":"https:\/\/www.facebook.com\/wehrnaturecenter\/","article_modified_time":"2026-03-22T19:26:22+00:00","og_image":[{"width":1200,"height":630,"url":"https:\/\/www.wehrnaturecenter.com\/wp-content\/uploads\/2024\/04\/Wehr-3.webp","type":"image\/webp"}],"twitter_card":"summary_large_image","schema":{"@context":"https:\/\/schema.org","@graph":[{"@type":"WebPage","@id":"https:\/\/www.wehrnaturecenter.com\/engage\/clubs-community\/","url":"https:\/\/www.wehrnaturecenter.com\/engage\/clubs-community\/","name":"Clubs &amp; Community - Wehr Nature Center","isPartOf":{"@id":"https:\/\/www.wehrnaturecenter.com\/#website"},"datePublished":"2024-03-21T19:51:07+00:00","dateModified":"2026-03-22T19:26:22+00:00","description":"Looking to meet other nature enthusiasts? Connect with people who share your interests and passions through Wehr's affiliated clubs.","breadcrumb":{"@id":"https:\/\/www.wehrnaturecenter.com\/engage\/clubs-community\/#breadcrumb"},"inLanguage":"es","potentialAction":[{"@type":"ReadAction","target":["https:\/\/www.wehrnaturecenter.com\/engage\/clubs-community\/"]}]},{"@type":"BreadcrumbList","@id":"https:\/\/www.wehrnaturecenter.com\/engage\/clubs-community\/#breadcrumb","itemListElement":[{"@type":"ListItem","position":1,"name":"Home","item":"https:\/\/www.wehrnaturecenter.com\/"},{"@type":"ListItem","position":2,"name":"Engage","item":"https:\/\/www.wehrnaturecenter.com\/engage\/"},{"@type":"ListItem","position":3,"name":"Clubs &amp; Community"}]},{"@type":"WebSite","@id":"https:\/\/www.wehrnaturecenter.com\/#website","url":"https:\/\/www.wehrnaturecenter.com\/","name":"Centro de naturaleza Wehr","description":"Un lugar para todas las estaciones: un lugar para todos","publisher":{"@id":"https:\/\/www.wehrnaturecenter.com\/#organization"},"potentialAction":[{"@type":"SearchAction","target":{"@type":"EntryPoint","urlTemplate":"https:\/\/www.wehrnaturecenter.com\/?s={search_term_string}"},"query-input":{"@type":"PropertyValueSpecification","valueRequired":true,"valueName":"search_term_string"}}],"inLanguage":"es"},{"@type":"Organization","@id":"https:\/\/www.wehrnaturecenter.com\/#organization","name":"Centro de naturaleza Wehr","url":"https:\/\/www.wehrnaturecenter.com\/","logo":{"@type":"ImageObject","inLanguage":"es","@id":"https:\/\/www.wehrnaturecenter.com\/#\/schema\/logo\/image\/","url":"https:\/\/www.wehrnaturecenter.com\/wp-content\/uploads\/2024\/04\/Asset.webp","contentUrl":"https:\/\/www.wehrnaturecenter.com\/wp-content\/uploads\/2024\/04\/Asset.webp","width":2234,"height":890,"caption":"Wehr Nature Center"},"image":{"@id":"https:\/\/www.wehrnaturecenter.com\/#\/schema\/logo\/image\/"},"sameAs":["https:\/\/www.facebook.com\/wehrnaturecenter\/","https:\/\/www.instagram.com\/wehrnaturecenter\/","https:\/\/www.youtube.com\/channel\/UCxYHduOcs9UyVMZ7ct0HFAw"]}]}},"_links":{"self":[{"href":"https:\/\/www.wehrnaturecenter.com\/es\/wp-json\/wp\/v2\/pages\/767","targetHints":{"allow":["GET"]}}],"collection":[{"href":"https:\/\/www.wehrnaturecenter.com\/es\/wp-json\/wp\/v2\/pages"}],"about":[{"href":"https:\/\/www.wehrnaturecenter.com\/es\/wp-json\/wp\/v2\/types\/page"}],"author":[{"embeddable":true,"href":"https:\/\/www.wehrnaturecenter.com\/es\/wp-json\/wp\/v2\/users\/1"}],"replies":[{"embeddable":true,"href":"https:\/\/www.wehrnaturecenter.com\/es\/wp-json\/wp\/v2\/comments?post=767"}],"version-history":[{"count":0,"href":"https:\/\/www.wehrnaturecenter.com\/es\/wp-json\/wp\/v2\/pages\/767\/revisions"}],"up":[{"embeddable":true,"href":"https:\/\/www.wehrnaturecenter.com\/es\/wp-json\/wp\/v2\/pages\/23"}],"wp:attachment":[{"href":"https:\/\/www.wehrnaturecenter.com\/es\/wp-json\/wp\/v2\/media?parent=767"}],"curies":[{"name":"wp","href":"https:\/\/api.w.org\/{rel}","templated":true}]}}